{"id":5331,"date":"2025-03-11T14:18:10","date_gmt":"2025-03-11T13:18:10","guid":{"rendered":"https:\/\/plexartprinting.it\/?post_type=product&#038;p=5331"},"modified":"2025-07-14T00:24:31","modified_gmt":"2025-07-13T22:24:31","slug":"portapranzo-in-vetro-con-coperchio-in-bamboo-personalizzabile","status":"publish","type":"product","link":"https:\/\/incisalab.it\/?product=portapranzo-in-vetro-con-coperchio-in-bamboo-personalizzabile","title":{"rendered":"Portapranzo in Vetro con Coperchio in Bamboo Personalizzabile"},"content":{"rendered":"<p data-start=\"1139\" data-end=\"1422\">Il portapranzo in vetro con coperchio in bamboo personalizzabile\u00a0\u00e8 la perfetta unione tra funzionalit\u00e0, estetica e sostenibilit\u00e0.<br data-start=\"1240\" data-end=\"1243\" \/>Realizzato in <strong data-start=\"1257\" data-end=\"1290\">vetro borosilicato resistente<\/strong> con <strong data-start=\"1295\" data-end=\"1327\">coperchio in bamboo naturale<\/strong>, questo contenitore \u00e8 l\u2019alternativa elegante ed ecologica ai classici contenitori in plastica.<\/p>\n<p data-start=\"1424\" data-end=\"1706\">Ideale per trasportare pasti caldi o freddi in ufficio, a scuola o in viaggio, si distingue per il suo design essenziale e raffinato.<br data-start=\"1557\" data-end=\"1560\" \/>Grazie al coperchio in bamboo, \u00e8 anche <strong data-start=\"1599\" data-end=\"1640\">personalizzabile con logo o incisione<\/strong>, diventando un gadget aziendale utile e di grande impatto visivo.<\/p>\n<div class=\"page\" title=\"Page 1\">\n<div class=\"layoutArea\">\n<div class=\"column\">\n<p>&nbsp;<\/p>\n<\/div>\n<\/div>\n<\/div>\n","protected":false},"excerpt":{"rendered":"<p><strong data-start=\"404\" data-end=\"420\">Acquista ora<\/strong> e trasforma ogni pausa in un momento di design sostenibile: clicca \u201cAggiungi al carrello\u201d, seleziona l\u2019incisione laser e rendi memorabile il tuo brand!<\/p>\n","protected":false},"featured_media":5311,"comment_status":"open","ping_status":"closed","template":"","meta":{"_acf_changed":false,"content-type":""},"product_brand":[],"product_cat":[16,113],"product_tag":[],"class_list":{"0":"post-5331","1":"product","2":"type-product","3":"status-publish","4":"has-post-thumbnail","6":"product_cat-accessori","7":"product_cat-bamboo-selection","8":"pa_capacita-075l","9":"pa_personalizzazione-neutra","10":"pa_personalizzazione-incisione-laser","12":"first","13":"instock","14":"taxable","15":"shipping-taxable","16":"purchasable","17":"product-type-variable"},"acf":[],"yoast_head":"<!-- This site is optimized with the Yoast SEO plugin v25.8 - https:\/\/yoast.com\/wordpress\/plugins\/seo\/ -->\n<title>Portapranzo in Vetro con Coperchio in Bamboo Personalizzabile | IncisaLab<\/title>\n<meta name=\"description\" content=\"Il portapranzo in vetro con coperchio in bamboo risulta elegante e sostenibile. Personalizzabile con logo, perfetto per aziende e gadget eco-friendly.\" \/>\n<meta name=\"robots\" content=\"index, follow, max-snippet:-1, max-image-preview:large, max-video-preview:-1\" \/>\n<link rel=\"canonical\" href=\"https:\/\/incisalab.it\/prodotto\/portapranzo-in-vetro-con-coperchio-in-bamboo-personalizzabile\/\" \/>\n<meta property=\"og:locale\" content=\"it_IT\" \/>\n<meta property=\"og:type\" content=\"article\" \/>\n<meta property=\"og:title\" content=\"Portapranzo in Vetro con Coperchio in Bamboo Personalizzabile | IncisaLab\" \/>\n<meta property=\"og:description\" content=\"Il portapranzo in vetro con coperchio in bamboo risulta elegante e sostenibile. Personalizzabile con logo, perfetto per aziende e gadget eco-friendly.\" \/>\n<meta property=\"og:url\" content=\"https:\/\/incisalab.it\/prodotto\/portapranzo-in-vetro-con-coperchio-in-bamboo-personalizzabile\/\" \/>\n<meta property=\"og:site_name\" content=\"IncisaLab\" \/>\n<meta property=\"article:publisher\" content=\"https:\/\/www.facebook.com\/incisalab\" \/>\n<meta property=\"article:modified_time\" content=\"2025-07-13T22:24:31+00:00\" \/>\n<meta property=\"og:image\" content=\"http:\/\/incisalab.it\/wp-content\/uploads\/2025\/03\/25025b42-c7d9-4156-8072-6a60e5993260.jpeg\" \/>\n\t<meta property=\"og:image:width\" content=\"700\" \/>\n\t<meta property=\"og:image:height\" content=\"700\" \/>\n\t<meta property=\"og:image:type\" content=\"image\/jpeg\" \/>\n<meta name=\"twitter:card\" content=\"summary_large_image\" \/>\n<meta name=\"twitter:label1\" content=\"Tempo di lettura stimato\" \/>\n\t<meta name=\"twitter:data1\" content=\"1 minuto\" \/>\n<script type=\"application\/ld+json\" class=\"yoast-schema-graph\">{\"@context\":\"https:\/\/schema.org\",\"@graph\":[{\"@type\":\"WebPage\",\"@id\":\"https:\/\/incisalab.it\/prodotto\/portapranzo-in-vetro-con-coperchio-in-bamboo-personalizzabile\/\",\"url\":\"https:\/\/incisalab.it\/prodotto\/portapranzo-in-vetro-con-coperchio-in-bamboo-personalizzabile\/\",\"name\":\"Portapranzo in Vetro con Coperchio in Bamboo Personalizzabile | IncisaLab\",\"isPartOf\":{\"@id\":\"https:\/\/incisalab.it\/#website\"},\"primaryImageOfPage\":{\"@id\":\"https:\/\/incisalab.it\/prodotto\/portapranzo-in-vetro-con-coperchio-in-bamboo-personalizzabile\/#primaryimage\"},\"image\":{\"@id\":\"https:\/\/incisalab.it\/prodotto\/portapranzo-in-vetro-con-coperchio-in-bamboo-personalizzabile\/#primaryimage\"},\"thumbnailUrl\":\"https:\/\/incisalab.it\/wp-content\/uploads\/2025\/03\/25025b42-c7d9-4156-8072-6a60e5993260.jpeg\",\"datePublished\":\"2025-03-11T13:18:10+00:00\",\"dateModified\":\"2025-07-13T22:24:31+00:00\",\"description\":\"Il portapranzo in vetro con coperchio in bamboo risulta elegante e sostenibile. Personalizzabile con logo, perfetto per aziende e gadget eco-friendly.\",\"breadcrumb\":{\"@id\":\"https:\/\/incisalab.it\/prodotto\/portapranzo-in-vetro-con-coperchio-in-bamboo-personalizzabile\/#breadcrumb\"},\"inLanguage\":\"it-IT\",\"potentialAction\":[{\"@type\":\"ReadAction\",\"target\":[\"https:\/\/incisalab.it\/prodotto\/portapranzo-in-vetro-con-coperchio-in-bamboo-personalizzabile\/\"]}]},{\"@type\":\"ImageObject\",\"inLanguage\":\"it-IT\",\"@id\":\"https:\/\/incisalab.it\/prodotto\/portapranzo-in-vetro-con-coperchio-in-bamboo-personalizzabile\/#primaryimage\",\"url\":\"https:\/\/incisalab.it\/wp-content\/uploads\/2025\/03\/25025b42-c7d9-4156-8072-6a60e5993260.jpeg\",\"contentUrl\":\"https:\/\/incisalab.it\/wp-content\/uploads\/2025\/03\/25025b42-c7d9-4156-8072-6a60e5993260.jpeg\",\"width\":700,\"height\":700,\"caption\":\"Portapranzo in vetro\"},{\"@type\":\"BreadcrumbList\",\"@id\":\"https:\/\/incisalab.it\/prodotto\/portapranzo-in-vetro-con-coperchio-in-bamboo-personalizzabile\/#breadcrumb\",\"itemListElement\":[{\"@type\":\"ListItem\",\"position\":1,\"name\":\"Home\",\"item\":\"https:\/\/incisalab.it\/\"},{\"@type\":\"ListItem\",\"position\":2,\"name\":\"Shop\",\"item\":\"https:\/\/incisalab.it\/?page_id=6\"},{\"@type\":\"ListItem\",\"position\":3,\"name\":\"Portapranzo in Vetro con Coperchio in Bamboo Personalizzabile\"}]},{\"@type\":\"WebSite\",\"@id\":\"https:\/\/incisalab.it\/#website\",\"url\":\"https:\/\/incisalab.it\/\",\"name\":\"IncisaLab\",\"description\":\"Incisioni e stampa su bottiglie, calici, borracce e Gadget\",\"publisher\":{\"@id\":\"https:\/\/incisalab.it\/#organization\"},\"potentialAction\":[{\"@type\":\"SearchAction\",\"target\":{\"@type\":\"EntryPoint\",\"urlTemplate\":\"https:\/\/incisalab.it\/?s={search_term_string}\"},\"query-input\":{\"@type\":\"PropertyValueSpecification\",\"valueRequired\":true,\"valueName\":\"search_term_string\"}}],\"inLanguage\":\"it-IT\"},{\"@type\":\"Organization\",\"@id\":\"https:\/\/incisalab.it\/#organization\",\"name\":\"IncisaLab | Incisioni e stampa su bottiglie, calici, borracce e Gadget\",\"alternateName\":\"Incisa Lab\",\"url\":\"https:\/\/incisalab.it\/\",\"logo\":{\"@type\":\"ImageObject\",\"inLanguage\":\"it-IT\",\"@id\":\"https:\/\/incisalab.it\/#\/schema\/logo\/image\/\",\"url\":\"http:\/\/incisalab.it\/wp-content\/uploads\/2025\/06\/cropped-icona-incisalab.png\",\"contentUrl\":\"http:\/\/incisalab.it\/wp-content\/uploads\/2025\/06\/cropped-icona-incisalab.png\",\"width\":512,\"height\":512,\"caption\":\"IncisaLab | Incisioni e stampa su bottiglie, calici, borracce e Gadget\"},\"image\":{\"@id\":\"https:\/\/incisalab.it\/#\/schema\/logo\/image\/\"},\"sameAs\":[\"https:\/\/www.facebook.com\/incisalab\",\"https:\/\/www.tiktok.com\/@IncisaLab\",\"https:\/\/www.instagram.com\/IncisaLab\/\"]}]}<\/script>\n<!-- \/ Yoast SEO plugin. -->","yoast_head_json":{"title":"Portapranzo in Vetro con Coperchio in Bamboo Personalizzabile | IncisaLab","description":"Il portapranzo in vetro con coperchio in bamboo risulta elegante e sostenibile. Personalizzabile con logo, perfetto per aziende e gadget eco-friendly.","robots":{"index":"index","follow":"follow","max-snippet":"max-snippet:-1","max-image-preview":"max-image-preview:large","max-video-preview":"max-video-preview:-1"},"canonical":"https:\/\/incisalab.it\/prodotto\/portapranzo-in-vetro-con-coperchio-in-bamboo-personalizzabile\/","og_locale":"it_IT","og_type":"article","og_title":"Portapranzo in Vetro con Coperchio in Bamboo Personalizzabile | IncisaLab","og_description":"Il portapranzo in vetro con coperchio in bamboo risulta elegante e sostenibile. Personalizzabile con logo, perfetto per aziende e gadget eco-friendly.","og_url":"https:\/\/incisalab.it\/prodotto\/portapranzo-in-vetro-con-coperchio-in-bamboo-personalizzabile\/","og_site_name":"IncisaLab","article_publisher":"https:\/\/www.facebook.com\/incisalab","article_modified_time":"2025-07-13T22:24:31+00:00","og_image":[{"width":700,"height":700,"url":"http:\/\/incisalab.it\/wp-content\/uploads\/2025\/03\/25025b42-c7d9-4156-8072-6a60e5993260.jpeg","type":"image\/jpeg"}],"twitter_card":"summary_large_image","twitter_misc":{"Tempo di lettura stimato":"1 minuto"},"schema":{"@context":"https:\/\/schema.org","@graph":[{"@type":"WebPage","@id":"https:\/\/incisalab.it\/prodotto\/portapranzo-in-vetro-con-coperchio-in-bamboo-personalizzabile\/","url":"https:\/\/incisalab.it\/prodotto\/portapranzo-in-vetro-con-coperchio-in-bamboo-personalizzabile\/","name":"Portapranzo in Vetro con Coperchio in Bamboo Personalizzabile | IncisaLab","isPartOf":{"@id":"https:\/\/incisalab.it\/#website"},"primaryImageOfPage":{"@id":"https:\/\/incisalab.it\/prodotto\/portapranzo-in-vetro-con-coperchio-in-bamboo-personalizzabile\/#primaryimage"},"image":{"@id":"https:\/\/incisalab.it\/prodotto\/portapranzo-in-vetro-con-coperchio-in-bamboo-personalizzabile\/#primaryimage"},"thumbnailUrl":"https:\/\/incisalab.it\/wp-content\/uploads\/2025\/03\/25025b42-c7d9-4156-8072-6a60e5993260.jpeg","datePublished":"2025-03-11T13:18:10+00:00","dateModified":"2025-07-13T22:24:31+00:00","description":"Il portapranzo in vetro con coperchio in bamboo risulta elegante e sostenibile. Personalizzabile con logo, perfetto per aziende e gadget eco-friendly.","breadcrumb":{"@id":"https:\/\/incisalab.it\/prodotto\/portapranzo-in-vetro-con-coperchio-in-bamboo-personalizzabile\/#breadcrumb"},"inLanguage":"it-IT","potentialAction":[{"@type":"ReadAction","target":["https:\/\/incisalab.it\/prodotto\/portapranzo-in-vetro-con-coperchio-in-bamboo-personalizzabile\/"]}]},{"@type":"ImageObject","inLanguage":"it-IT","@id":"https:\/\/incisalab.it\/prodotto\/portapranzo-in-vetro-con-coperchio-in-bamboo-personalizzabile\/#primaryimage","url":"https:\/\/incisalab.it\/wp-content\/uploads\/2025\/03\/25025b42-c7d9-4156-8072-6a60e5993260.jpeg","contentUrl":"https:\/\/incisalab.it\/wp-content\/uploads\/2025\/03\/25025b42-c7d9-4156-8072-6a60e5993260.jpeg","width":700,"height":700,"caption":"Portapranzo in vetro"},{"@type":"BreadcrumbList","@id":"https:\/\/incisalab.it\/prodotto\/portapranzo-in-vetro-con-coperchio-in-bamboo-personalizzabile\/#breadcrumb","itemListElement":[{"@type":"ListItem","position":1,"name":"Home","item":"https:\/\/incisalab.it\/"},{"@type":"ListItem","position":2,"name":"Shop","item":"https:\/\/incisalab.it\/?page_id=6"},{"@type":"ListItem","position":3,"name":"Portapranzo in Vetro con Coperchio in Bamboo Personalizzabile"}]},{"@type":"WebSite","@id":"https:\/\/incisalab.it\/#website","url":"https:\/\/incisalab.it\/","name":"IncisaLab","description":"Incisioni e stampa su bottiglie, calici, borracce e Gadget","publisher":{"@id":"https:\/\/incisalab.it\/#organization"},"potentialAction":[{"@type":"SearchAction","target":{"@type":"EntryPoint","urlTemplate":"https:\/\/incisalab.it\/?s={search_term_string}"},"query-input":{"@type":"PropertyValueSpecification","valueRequired":true,"valueName":"search_term_string"}}],"inLanguage":"it-IT"},{"@type":"Organization","@id":"https:\/\/incisalab.it\/#organization","name":"IncisaLab | Incisioni e stampa su bottiglie, calici, borracce e Gadget","alternateName":"Incisa Lab","url":"https:\/\/incisalab.it\/","logo":{"@type":"ImageObject","inLanguage":"it-IT","@id":"https:\/\/incisalab.it\/#\/schema\/logo\/image\/","url":"http:\/\/incisalab.it\/wp-content\/uploads\/2025\/06\/cropped-icona-incisalab.png","contentUrl":"http:\/\/incisalab.it\/wp-content\/uploads\/2025\/06\/cropped-icona-incisalab.png","width":512,"height":512,"caption":"IncisaLab | Incisioni e stampa su bottiglie, calici, borracce e Gadget"},"image":{"@id":"https:\/\/incisalab.it\/#\/schema\/logo\/image\/"},"sameAs":["https:\/\/www.facebook.com\/incisalab","https:\/\/www.tiktok.com\/@IncisaLab","https:\/\/www.instagram.com\/IncisaLab\/"]}]}},"jetpack_sharing_enabled":true,"_links":{"self":[{"href":"https:\/\/incisalab.it\/index.php?rest_route=\/wp\/v2\/product\/5331","targetHints":{"allow":["GET"]}}],"collection":[{"href":"https:\/\/incisalab.it\/index.php?rest_route=\/wp\/v2\/product"}],"about":[{"href":"https:\/\/incisalab.it\/index.php?rest_route=\/wp\/v2\/types\/product"}],"replies":[{"embeddable":true,"href":"https:\/\/incisalab.it\/index.php?rest_route=%2Fwp%2Fv2%2Fcomments&post=5331"}],"wp:featuredmedia":[{"embeddable":true,"href":"https:\/\/incisalab.it\/index.php?rest_route=\/wp\/v2\/media\/5311"}],"wp:attachment":[{"href":"https:\/\/incisalab.it\/index.php?rest_route=%2Fwp%2Fv2%2Fmedia&parent=5331"}],"wp:term":[{"taxonomy":"product_brand","embeddable":true,"href":"https:\/\/incisalab.it\/index.php?rest_route=%2Fwp%2Fv2%2Fproduct_brand&post=5331"},{"taxonomy":"product_cat","embeddable":true,"href":"https:\/\/incisalab.it\/index.php?rest_route=%2Fwp%2Fv2%2Fproduct_cat&post=5331"},{"taxonomy":"product_tag","embeddable":true,"href":"https:\/\/incisalab.it\/index.php?rest_route=%2Fwp%2Fv2%2Fproduct_tag&post=5331"}],"curies":[{"name":"wp","href":"https:\/\/api.w.org\/{rel}","templated":true}]}}