{"id":5329,"date":"2025-03-11T14:13:54","date_gmt":"2025-03-11T13:13:54","guid":{"rendered":"https:\/\/plexartprinting.it\/?post_type=product&#038;p=5329"},"modified":"2025-07-14T00:24:31","modified_gmt":"2025-07-13T22:24:31","slug":"sottopentola-in-bamboo-personalizzabile","status":"publish","type":"product","link":"https:\/\/incisalab.it\/?product=sottopentola-in-bamboo-personalizzabile","title":{"rendered":"Sottopentola in Bamboo personalizzabile"},"content":{"rendered":"<p data-start=\"1074\" data-end=\"1350\">Il <strong data-start=\"1077\" data-end=\"1106\">Sottopentola in Bamboo<\/strong>\u00a0\u00e8 un accessorio indispensabile in cucina, unendo praticit\u00e0, estetica e sostenibilit\u00e0.<br data-start=\"1192\" data-end=\"1195\" \/>Realizzato interamente in <strong data-start=\"1221\" data-end=\"1240\">bamboo naturale<\/strong>, protegge le superfici da pentole calde e si abbina perfettamente a cucine moderne, rustiche o professionali.<\/p>\n<p data-start=\"1352\" data-end=\"1580\">Grazie alla superficie liscia e naturale, \u00e8 <strong data-start=\"1396\" data-end=\"1436\">personalizzabile con incisione laser<\/strong>: il tuo logo, una scritta o un pattern renderanno questo oggetto unico e perfetto come <strong data-start=\"1524\" data-end=\"1579\">gadget aziendale o regalo promozionale eco-friendly<\/strong>.<\/p>\n","protected":false},"excerpt":{"rendered":"<p><strong data-start=\"529\" data-end=\"546\">Ordina subito<\/strong> e dona un tocco esclusivo alla tua cucina o al tuo brand: seleziona il tuo design, aggiungi al carrello e ottieni il tuo sottopentola personalizzato in bamboo!<\/p>\n","protected":false},"featured_media":5317,"comment_status":"open","ping_status":"closed","template":"","meta":{"_acf_changed":false,"content-type":""},"product_brand":[],"product_cat":[16,113],"product_tag":[],"class_list":{"0":"post-5329","1":"product","2":"type-product","3":"status-publish","4":"has-post-thumbnail","6":"product_cat-accessori","7":"product_cat-bamboo-selection","8":"pa_personalizzazione-neutra","9":"pa_personalizzazione-incisione-laser","11":"first","12":"instock","13":"taxable","14":"shipping-taxable","15":"purchasable","16":"product-type-variable"},"acf":[],"yoast_head":"<!-- This site is optimized with the Yoast SEO plugin v25.8 - https:\/\/yoast.com\/wordpress\/plugins\/seo\/ -->\n<title>Sottopentola in Bamboo personalizzabile | IncisaLab<\/title>\n<meta name=\"description\" content=\"Sottopentola in bamboo naturale, resistente e personalizzabile con logo. Ideale per cucina, ristoranti, eventi aziendali e regali sostenibili.\" \/>\n<meta name=\"robots\" content=\"index, follow, max-snippet:-1, max-image-preview:large, max-video-preview:-1\" \/>\n<link rel=\"canonical\" href=\"https:\/\/incisalab.it\/prodotto\/sottopentola-in-bamboo-personalizzabile\/\" \/>\n<meta property=\"og:locale\" content=\"it_IT\" \/>\n<meta property=\"og:type\" content=\"article\" \/>\n<meta property=\"og:title\" content=\"Sottopentola in Bamboo personalizzabile | IncisaLab\" \/>\n<meta property=\"og:description\" content=\"Sottopentola in bamboo naturale, resistente e personalizzabile con logo. Ideale per cucina, ristoranti, eventi aziendali e regali sostenibili.\" \/>\n<meta property=\"og:url\" content=\"https:\/\/incisalab.it\/prodotto\/sottopentola-in-bamboo-personalizzabile\/\" \/>\n<meta property=\"og:site_name\" content=\"IncisaLab\" \/>\n<meta property=\"article:publisher\" content=\"https:\/\/www.facebook.com\/incisalab\" \/>\n<meta property=\"article:modified_time\" content=\"2025-07-13T22:24:31+00:00\" \/>\n<meta property=\"og:image\" content=\"http:\/\/incisalab.it\/wp-content\/uploads\/2025\/03\/f53d5eaa-6a98-41e2-ae5a-562e4f2a5b16.jpeg\" \/>\n\t<meta property=\"og:image:width\" content=\"700\" \/>\n\t<meta property=\"og:image:height\" content=\"700\" \/>\n\t<meta property=\"og:image:type\" content=\"image\/jpeg\" \/>\n<meta name=\"twitter:card\" content=\"summary_large_image\" \/>\n<meta name=\"twitter:label1\" content=\"Tempo di lettura stimato\" \/>\n\t<meta name=\"twitter:data1\" content=\"1 minuto\" \/>\n<script type=\"application\/ld+json\" class=\"yoast-schema-graph\">{\"@context\":\"https:\/\/schema.org\",\"@graph\":[{\"@type\":\"WebPage\",\"@id\":\"https:\/\/incisalab.it\/prodotto\/sottopentola-in-bamboo-personalizzabile\/\",\"url\":\"https:\/\/incisalab.it\/prodotto\/sottopentola-in-bamboo-personalizzabile\/\",\"name\":\"Sottopentola in Bamboo personalizzabile | IncisaLab\",\"isPartOf\":{\"@id\":\"https:\/\/incisalab.it\/#website\"},\"primaryImageOfPage\":{\"@id\":\"https:\/\/incisalab.it\/prodotto\/sottopentola-in-bamboo-personalizzabile\/#primaryimage\"},\"image\":{\"@id\":\"https:\/\/incisalab.it\/prodotto\/sottopentola-in-bamboo-personalizzabile\/#primaryimage\"},\"thumbnailUrl\":\"https:\/\/incisalab.it\/wp-content\/uploads\/2025\/03\/f53d5eaa-6a98-41e2-ae5a-562e4f2a5b16.jpeg\",\"datePublished\":\"2025-03-11T13:13:54+00:00\",\"dateModified\":\"2025-07-13T22:24:31+00:00\",\"description\":\"Sottopentola in bamboo naturale, resistente e personalizzabile con logo. Ideale per cucina, ristoranti, eventi aziendali e regali sostenibili.\",\"breadcrumb\":{\"@id\":\"https:\/\/incisalab.it\/prodotto\/sottopentola-in-bamboo-personalizzabile\/#breadcrumb\"},\"inLanguage\":\"it-IT\",\"potentialAction\":[{\"@type\":\"ReadAction\",\"target\":[\"https:\/\/incisalab.it\/prodotto\/sottopentola-in-bamboo-personalizzabile\/\"]}]},{\"@type\":\"ImageObject\",\"inLanguage\":\"it-IT\",\"@id\":\"https:\/\/incisalab.it\/prodotto\/sottopentola-in-bamboo-personalizzabile\/#primaryimage\",\"url\":\"https:\/\/incisalab.it\/wp-content\/uploads\/2025\/03\/f53d5eaa-6a98-41e2-ae5a-562e4f2a5b16.jpeg\",\"contentUrl\":\"https:\/\/incisalab.it\/wp-content\/uploads\/2025\/03\/f53d5eaa-6a98-41e2-ae5a-562e4f2a5b16.jpeg\",\"width\":700,\"height\":700,\"caption\":\"Sottopentola in bamboo\"},{\"@type\":\"BreadcrumbList\",\"@id\":\"https:\/\/incisalab.it\/prodotto\/sottopentola-in-bamboo-personalizzabile\/#breadcrumb\",\"itemListElement\":[{\"@type\":\"ListItem\",\"position\":1,\"name\":\"Home\",\"item\":\"https:\/\/incisalab.it\/\"},{\"@type\":\"ListItem\",\"position\":2,\"name\":\"Shop\",\"item\":\"https:\/\/incisalab.it\/?page_id=6\"},{\"@type\":\"ListItem\",\"position\":3,\"name\":\"Sottopentola in Bamboo personalizzabile\"}]},{\"@type\":\"WebSite\",\"@id\":\"https:\/\/incisalab.it\/#website\",\"url\":\"https:\/\/incisalab.it\/\",\"name\":\"IncisaLab\",\"description\":\"Incisioni e stampa su bottiglie, calici, borracce e Gadget\",\"publisher\":{\"@id\":\"https:\/\/incisalab.it\/#organization\"},\"potentialAction\":[{\"@type\":\"SearchAction\",\"target\":{\"@type\":\"EntryPoint\",\"urlTemplate\":\"https:\/\/incisalab.it\/?s={search_term_string}\"},\"query-input\":{\"@type\":\"PropertyValueSpecification\",\"valueRequired\":true,\"valueName\":\"search_term_string\"}}],\"inLanguage\":\"it-IT\"},{\"@type\":\"Organization\",\"@id\":\"https:\/\/incisalab.it\/#organization\",\"name\":\"IncisaLab | Incisioni e stampa su bottiglie, calici, borracce e Gadget\",\"alternateName\":\"Incisa Lab\",\"url\":\"https:\/\/incisalab.it\/\",\"logo\":{\"@type\":\"ImageObject\",\"inLanguage\":\"it-IT\",\"@id\":\"https:\/\/incisalab.it\/#\/schema\/logo\/image\/\",\"url\":\"http:\/\/incisalab.it\/wp-content\/uploads\/2025\/06\/cropped-icona-incisalab.png\",\"contentUrl\":\"http:\/\/incisalab.it\/wp-content\/uploads\/2025\/06\/cropped-icona-incisalab.png\",\"width\":512,\"height\":512,\"caption\":\"IncisaLab | Incisioni e stampa su bottiglie, calici, borracce e Gadget\"},\"image\":{\"@id\":\"https:\/\/incisalab.it\/#\/schema\/logo\/image\/\"},\"sameAs\":[\"https:\/\/www.facebook.com\/incisalab\",\"https:\/\/www.tiktok.com\/@IncisaLab\",\"https:\/\/www.instagram.com\/IncisaLab\/\"]}]}<\/script>\n<!-- \/ Yoast SEO plugin. -->","yoast_head_json":{"title":"Sottopentola in Bamboo personalizzabile | IncisaLab","description":"Sottopentola in bamboo naturale, resistente e personalizzabile con logo. Ideale per cucina, ristoranti, eventi aziendali e regali sostenibili.","robots":{"index":"index","follow":"follow","max-snippet":"max-snippet:-1","max-image-preview":"max-image-preview:large","max-video-preview":"max-video-preview:-1"},"canonical":"https:\/\/incisalab.it\/prodotto\/sottopentola-in-bamboo-personalizzabile\/","og_locale":"it_IT","og_type":"article","og_title":"Sottopentola in Bamboo personalizzabile | IncisaLab","og_description":"Sottopentola in bamboo naturale, resistente e personalizzabile con logo. Ideale per cucina, ristoranti, eventi aziendali e regali sostenibili.","og_url":"https:\/\/incisalab.it\/prodotto\/sottopentola-in-bamboo-personalizzabile\/","og_site_name":"IncisaLab","article_publisher":"https:\/\/www.facebook.com\/incisalab","article_modified_time":"2025-07-13T22:24:31+00:00","og_image":[{"width":700,"height":700,"url":"http:\/\/incisalab.it\/wp-content\/uploads\/2025\/03\/f53d5eaa-6a98-41e2-ae5a-562e4f2a5b16.jpeg","type":"image\/jpeg"}],"twitter_card":"summary_large_image","twitter_misc":{"Tempo di lettura stimato":"1 minuto"},"schema":{"@context":"https:\/\/schema.org","@graph":[{"@type":"WebPage","@id":"https:\/\/incisalab.it\/prodotto\/sottopentola-in-bamboo-personalizzabile\/","url":"https:\/\/incisalab.it\/prodotto\/sottopentola-in-bamboo-personalizzabile\/","name":"Sottopentola in Bamboo personalizzabile | IncisaLab","isPartOf":{"@id":"https:\/\/incisalab.it\/#website"},"primaryImageOfPage":{"@id":"https:\/\/incisalab.it\/prodotto\/sottopentola-in-bamboo-personalizzabile\/#primaryimage"},"image":{"@id":"https:\/\/incisalab.it\/prodotto\/sottopentola-in-bamboo-personalizzabile\/#primaryimage"},"thumbnailUrl":"https:\/\/incisalab.it\/wp-content\/uploads\/2025\/03\/f53d5eaa-6a98-41e2-ae5a-562e4f2a5b16.jpeg","datePublished":"2025-03-11T13:13:54+00:00","dateModified":"2025-07-13T22:24:31+00:00","description":"Sottopentola in bamboo naturale, resistente e personalizzabile con logo. Ideale per cucina, ristoranti, eventi aziendali e regali sostenibili.","breadcrumb":{"@id":"https:\/\/incisalab.it\/prodotto\/sottopentola-in-bamboo-personalizzabile\/#breadcrumb"},"inLanguage":"it-IT","potentialAction":[{"@type":"ReadAction","target":["https:\/\/incisalab.it\/prodotto\/sottopentola-in-bamboo-personalizzabile\/"]}]},{"@type":"ImageObject","inLanguage":"it-IT","@id":"https:\/\/incisalab.it\/prodotto\/sottopentola-in-bamboo-personalizzabile\/#primaryimage","url":"https:\/\/incisalab.it\/wp-content\/uploads\/2025\/03\/f53d5eaa-6a98-41e2-ae5a-562e4f2a5b16.jpeg","contentUrl":"https:\/\/incisalab.it\/wp-content\/uploads\/2025\/03\/f53d5eaa-6a98-41e2-ae5a-562e4f2a5b16.jpeg","width":700,"height":700,"caption":"Sottopentola in bamboo"},{"@type":"BreadcrumbList","@id":"https:\/\/incisalab.it\/prodotto\/sottopentola-in-bamboo-personalizzabile\/#breadcrumb","itemListElement":[{"@type":"ListItem","position":1,"name":"Home","item":"https:\/\/incisalab.it\/"},{"@type":"ListItem","position":2,"name":"Shop","item":"https:\/\/incisalab.it\/?page_id=6"},{"@type":"ListItem","position":3,"name":"Sottopentola in Bamboo personalizzabile"}]},{"@type":"WebSite","@id":"https:\/\/incisalab.it\/#website","url":"https:\/\/incisalab.it\/","name":"IncisaLab","description":"Incisioni e stampa su bottiglie, calici, borracce e Gadget","publisher":{"@id":"https:\/\/incisalab.it\/#organization"},"potentialAction":[{"@type":"SearchAction","target":{"@type":"EntryPoint","urlTemplate":"https:\/\/incisalab.it\/?s={search_term_string}"},"query-input":{"@type":"PropertyValueSpecification","valueRequired":true,"valueName":"search_term_string"}}],"inLanguage":"it-IT"},{"@type":"Organization","@id":"https:\/\/incisalab.it\/#organization","name":"IncisaLab | Incisioni e stampa su bottiglie, calici, borracce e Gadget","alternateName":"Incisa Lab","url":"https:\/\/incisalab.it\/","logo":{"@type":"ImageObject","inLanguage":"it-IT","@id":"https:\/\/incisalab.it\/#\/schema\/logo\/image\/","url":"http:\/\/incisalab.it\/wp-content\/uploads\/2025\/06\/cropped-icona-incisalab.png","contentUrl":"http:\/\/incisalab.it\/wp-content\/uploads\/2025\/06\/cropped-icona-incisalab.png","width":512,"height":512,"caption":"IncisaLab | Incisioni e stampa su bottiglie, calici, borracce e Gadget"},"image":{"@id":"https:\/\/incisalab.it\/#\/schema\/logo\/image\/"},"sameAs":["https:\/\/www.facebook.com\/incisalab","https:\/\/www.tiktok.com\/@IncisaLab","https:\/\/www.instagram.com\/IncisaLab\/"]}]}},"jetpack_sharing_enabled":true,"_links":{"self":[{"href":"https:\/\/incisalab.it\/index.php?rest_route=\/wp\/v2\/product\/5329","targetHints":{"allow":["GET"]}}],"collection":[{"href":"https:\/\/incisalab.it\/index.php?rest_route=\/wp\/v2\/product"}],"about":[{"href":"https:\/\/incisalab.it\/index.php?rest_route=\/wp\/v2\/types\/product"}],"replies":[{"embeddable":true,"href":"https:\/\/incisalab.it\/index.php?rest_route=%2Fwp%2Fv2%2Fcomments&post=5329"}],"wp:featuredmedia":[{"embeddable":true,"href":"https:\/\/incisalab.it\/index.php?rest_route=\/wp\/v2\/media\/5317"}],"wp:attachment":[{"href":"https:\/\/incisalab.it\/index.php?rest_route=%2Fwp%2Fv2%2Fmedia&parent=5329"}],"wp:term":[{"taxonomy":"product_brand","embeddable":true,"href":"https:\/\/incisalab.it\/index.php?rest_route=%2Fwp%2Fv2%2Fproduct_brand&post=5329"},{"taxonomy":"product_cat","embeddable":true,"href":"https:\/\/incisalab.it\/index.php?rest_route=%2Fwp%2Fv2%2Fproduct_cat&post=5329"},{"taxonomy":"product_tag","embeddable":true,"href":"https:\/\/incisalab.it\/index.php?rest_route=%2Fwp%2Fv2%2Fproduct_tag&post=5329"}],"curies":[{"name":"wp","href":"https:\/\/api.w.org\/{rel}","templated":true}]}}